{"id":4174,"date":"2020-04-06T18:31:59","date_gmt":"2020-04-06T16:31:59","guid":{"rendered":"https:\/\/demoshop.codec-software.de\/?page_id=4174"},"modified":"2020-04-10T15:02:54","modified_gmt":"2020-04-10T13:02:54","slug":"impressum-und-datenschutz","status":"publish","type":"page","link":"https:\/\/demoshop.codec-software.de\/?page_id=4174","title":{"rendered":"Impressum und Datenschutz"},"content":{"rendered":"<p>[vc_row][vc_column][vc_column_text]<\/p>\r\n<p>Frischfrucht M\u00fcller<br \/>Inhaber des Unternehmens: Demoshop<br \/>Hermannstr. 32<br \/>63263 Neu\u2013Isenburg<br \/>Deutschland<br \/>Email: Demoshop@codec-software.de<br \/>Telefon: +491234567890<br \/>Umsatzsteuer-Identifikationsnummer: De1234567890<br \/>Gerichtsstand: Eintragung im Verz. der zulassungsfreien Handwerke Betriebsnummer : 3058281<br \/>Verantwortlich f\u00fcr Inhalt: Christian Zehe<\/p>\r\n\r\n<p>Plattform der Europ\u00e4ischen Kommission zur Online-Streitbeilegung (OS) f\u00fcr Verbraucher: https:\/\/ec.europa.eu\/consumers\/odr\/. Wir sind nicht bereit und nicht verpflichtet an einem Streitbeilegungsverfahren vor einer Verbraucherschlichtungsstelle teilzunehmen.<\/p>\r\n\r\n<p>&nbsp;<\/p>\r\n\r\n<h3 class=\"wp-block-heading\">Datenschutz &amp; Pers\u00f6nliche Daten<\/h3>\r\n\r\n<p>&nbsp;<\/p>\r\n\r\n<h3 class=\"wp-block-heading\">Datenschutzvereinbarungen<\/h3>\r\n\r\n<p>In dieser Datenschutzerkl\u00e4rung informieren wir Sie \u00fcber die Verarbeitung Ihrer personenbezogenen Daten.<\/p>\r\n\r\n<p>Sofern Sie Ihre Datenschutzeinstellungen \u00e4ndern m\u00f6chten (Einwilligungen erteilen oder bereits erteilte Einwilligungen widerrufen), klicken Sie\u00a0<a href=\"https:\/\/demoshop.codec-software.de\/shop-fremdhersteller\/#\" target=\"_blank\" rel=\"noreferrer noopener\" aria-label=\" (opens in a new tab)\">hier<\/a>\u00a0um Ihre Einstellungen zu \u00e4ndern.<\/p>\r\n\r\n<p>&nbsp;<\/p>\r\n\r\n<h2 class=\"wp-block-heading\">Verantwortlich<\/h2>\r\n\r\n<p>Christian Zehe, Frischfrucht M\u00fcller, Hermannstr. 32, 632363 Neu\u2013Isenburg, DE, <a href=\"mailto:demoshop@codec-software.de\">demoshop@codec-software.de<\/a>, +491234567890<\/p>\r\n<!-- \/wp:paragraph -->\r\n<p>&nbsp;<\/p>\r\n<!-- wp:heading {\"level\":3} -->\r\n<h3>Hosting Provider<\/h3>\r\n<!-- \/wp:heading -->\r\n<p>&nbsp;<\/p>\r\n<!-- wp:heading {\"level\":4} -->\r\n<h4>Raidboxes<\/h4>\r\n<!-- \/wp:heading -->\r\n<p><!-- wp:paragraph -->Wir hosten unsere Website bei unserem Auftragsverarbeiter\u00a0<a href=\"https:\/\/raidboxes.de\/\" target=\"_blank\" rel=\"noreferrer noopener\">Raidboxes<\/a>, RAIDBOXES GmbH, Friedrich-Ebert-Stra\u00dfe 7, 48153 M\u00fcnster, Deutschland.<\/p>\r\n<!-- \/wp:paragraph -->\r\n<p><!-- wp:paragraph -->Zum Zweck der Bereitstellung und der Auslieferung der Website werden Verbindungsdaten verarbeitet. Zum blo\u00dfen Zweck der Auslieferung und Bereitstellung der Website werden die Daten \u00fcber den Aufruf hinaus nicht gespeichert.<\/p>\r\n<!-- \/wp:paragraph -->\r\n<p><!-- wp:paragraph -->Die Rechtsgrundlage f\u00fcr die Datenverarbeitung ist das berechtigte Interesse (unbedingte technische Notwendigkeit zur Bereitstellung und Auslieferung des von ihnen durch Ihren Aufruf ausdr\u00fccklich gew\u00fcnschten Dienstes \u201cWebsite\u201d) gem\u00e4\u00df Art. 6 Abs. 1 lit. f DSGVO.<\/p>\r\n<!-- \/wp:paragraph -->\r\n<p><!-- wp:paragraph -->Zum Betrieb der Website werden die Verbindungsdaten und weitere personenbezogenen Daten zus\u00e4tzlich im Rahmen diverser anderer Funktionen bzw. Dienste verarbeitet. Dar\u00fcber wird im Rahmen dieser Datenschutzerkl\u00e4rung bei den einzelnen Funktionen bzw. Diensten im Detail informiert.<\/p>\r\n<!-- \/wp:paragraph -->\r\n<p>&nbsp;<\/p>\r\n<!-- wp:heading {\"level\":3} -->\r\n<h3>Web Shop<\/h3>\r\n<!-- \/wp:heading -->\r\n<p><!-- wp:paragraph -->Wir bieten Ihnen die M\u00f6glichkeit, Produkte direkt \u00fcber unseren Webshop zu erwerben. Im Rahmen des Webshops erfolgt eine Verarbeitung der von Ihnen eingegebenen Daten sowie Daten zu von Ihnen ausgew\u00e4hlten Produkten durch den Verantwortlichen zur Durchf\u00fchrung der Angebotslegung, des Vertragsabschlusses, der Vertragserf\u00fcllung sowie zur Erf\u00fcllung eventueller nachvertraglicher Verpflichtungen vor Vertragsabschluss auf Grundlage des von Ihnen initiierten vorvertraglichen Verh\u00e4ltnisses und nach Vertragsabschluss aufgrund des Vertrages gem. Art. 6 Abs. 1 lit. b DSGVO.<\/p>\r\n<!-- \/wp:paragraph -->\r\n<p><!-- wp:paragraph -->Sofern der Kauf unserer Produkte \u00fcber einen bereits bestehenden Kunden-Account erfolgt ist oder ein Kunden-Account zur Abwicklung des Kaufs erstellt wurde, erfolgt die Verarbeitung Ihrer personenbezogenen Daten bis zur L\u00f6schung Ihres Kunden-Accounts.<\/p>\r\n<!-- \/wp:paragraph -->\r\n<p><!-- wp:paragraph -->Bei Kunden, welche unsere Produkte \u00fcber ein Gast-Profil erworben haben, erfolgt die Verarbeitung Ihrer personenbezogenen Daten bis zum Ablauf der gesetzlichen Aufbewahrungspflichten.<\/p>\r\n<!-- \/wp:paragraph -->\r\n<p><!-- wp:paragraph -->Es erfolgt eine mit dem Zweck der Vertragserf\u00fcllung zu vereinbarende Weiterverarbeitung Ihrer Daten zum Zweck des Direktmarketings in nicht einwilligungspflichtigen Formen wie dem adressierten postalischen Versand von Werbung bis auf Widerspruch.<\/p>\r\n<!-- \/wp:paragraph -->\r\n<p><!-- wp:paragraph -->Es besteht keine gesetzliche oder vertragliche Verpflichtung zur Bereitstellung der personenbezogenen Daten. Die Bereitstellung ist jedoch zum Vertragsabschluss erforderlich. Die Nichtbereitstellung hat zur Folge, dass kein Vertragsabschluss erfolgen kann.<\/p>\r\n<!-- \/wp:paragraph -->\r\n<p><!-- wp:paragraph -->Warenk\u00f6rbe von nicht registrierten Benutzern werden nach l\u00e4ngstens 14 Tagen gel\u00f6scht. Die Benutzerkonten registrierter Benutzer bleiben bis zur L\u00f6schung des Kontos durch den Benutzer bestehen. Vertragsdaten werden bis zur Verj\u00e4hrung m\u00f6glicher nachvertraglicher Verpflichtungen verarbeitet.<\/p>\r\n<!-- \/wp:paragraph -->\r\n<p>&nbsp;<\/p>\r\n<!-- wp:heading {\"level\":3} -->\r\n<h3>Widerspruchsrecht<\/h3>\r\n<!-- \/wp:heading -->\r\n<p><!-- wp:paragraph -->Sofern die Verarbeitung Ihrer personenbezogenen Daten auf Grundlage des berechtigten Interesses erfolgt, haben Sie das Recht gegen dieser Verarbeitung zu widersprechen.<\/p>\r\n<!-- \/wp:paragraph -->\r\n<p><!-- wp:paragraph -->Sofern keine zwingenden schutzw\u00fcrdigen Gr\u00fcnde f\u00fcr die Verarbeitung unsererseits vorliegen, wird die Verarbeitung Ihrer Daten auf Basis dieser Rechtsgrundlage eingestellt.<\/p>\r\n<!-- \/wp:paragraph -->\r\n<p><!-- wp:paragraph -->Zudem haben Sie das Recht, der Verarbeitung Ihrer personenbezogenen Daten zum Zweck der Direktwerbung zu widersprechen. Im Fall des Widerspruchs werden Ihre personenbezogenen Daten nicht mehr zum Zweck der Direktwerbung verarbeitet.<\/p>\r\n<!-- \/wp:paragraph -->\r\n<p><!-- wp:paragraph -->Die Rechtm\u00e4\u00dfigkeit der bis zum Widerspruch verarbeiteten Daten wird durch den Widerspruch nicht ber\u00fchrt.<\/p>\r\n<!-- \/wp:paragraph -->\r\n<p>&nbsp;<\/p>\r\n<!-- wp:heading {\"level\":3} -->\r\n<h3>Widerrufsrecht<\/h3>\r\n<!-- \/wp:heading -->\r\n<p><!-- wp:paragraph -->Sie haben das Recht eine bereits erteilte Einwilligung jederzeit zu widerrufen, indem Sie die\u00a0<a href=\"https:\/\/demoshop.codec-software.de\/shop-fremdhersteller\/#\" target=\"_blank\" rel=\"noreferrer noopener\" aria-label=\" (opens in a new tab)\">Datenschutzeinstellungen<\/a>\u00a0\u00e4ndern.<\/p>\r\n<!-- \/wp:paragraph -->\r\n<p><!-- wp:paragraph -->Im Fall der Einwilligung in den Erhalt elektronischer Werbung kann der Widerruf Ihrer Einwilligung durch Klick auf den Abmeldelink erfolgen. In diesem Fall wird eine Verarbeitung, sofern keine andere Rechtsgrundlage besteht, eingestellt.<\/p>\r\n<!-- \/wp:paragraph -->\r\n<p><!-- wp:paragraph -->Die Rechtm\u00e4\u00dfigkeit der bis zum Widerruf verarbeiteten Daten wird durch den Widerruf nicht ber\u00fchrt.<\/p>\r\n<!-- \/wp:paragraph -->\r\n<p>&nbsp;<\/p>\r\n<!-- wp:heading -->\r\n<h2>Betroffenenrechte<\/h2>\r\n<!-- \/wp:heading -->\r\n<p><!-- wp:paragraph -->Sie haben zudem das Recht auf Auskunft, Berichtigung, L\u00f6schung und Einschr\u00e4nkung der Verarbeitung der personenbezogenen Daten.<\/p>\r\n<!-- \/wp:paragraph -->\r\n<p><!-- wp:paragraph -->Soweit die Rechtsgrundlage der Verarbeitung Ihrer personenbezogenen Daten in Ihrer Einwilligung oder in einem mit Ihnen abgeschlossenen Vertrag besteht, haben Sie \u00fcberdies das Recht auf Daten\u00fcbertragbarkeit.<\/p>\r\n<!-- \/wp:paragraph -->\r\n<p><!-- wp:paragraph -->Weiters haben Sie das Recht auf Beschwerde bei der Aufsichtsbeh\u00f6rde. N\u00e4here Informationen zu den Aufsichtsbeh\u00f6rden in der Europ\u00e4ischen Union finden Sie\u00a0<a href=\"https:\/\/ec.europa.eu\/justice\/article-29\/structure\/data-protection-authorities\/index_en.htm\" target=\"_blank\" rel=\"noreferrer noopener\">hier<\/a>.<\/p>\r\n<!-- \/wp:paragraph -->\r\n<p>&nbsp;<\/p>\r\n<p>[\/vc_column_text][\/vc_column][\/vc_row]<\/p>","protected":false},"excerpt":{"rendered":"<p>[vc_row][vc_column][vc_column_text] Frischfrucht M\u00fcllerInhaber des Unternehmens: DemoshopHermannstr. 3263263 Neu\u2013IsenburgDeutschlandEmail: Demoshop@codec-software.deTelefon: +491234567890Umsatzsteuer-Identifikationsnummer: De1234567890Gerichtsstand: Eintragung im Verz. der zulassungsfreien Handwerke Betriebsnummer : 3058281Verantwortlich f\u00fcr Inhalt: Christian Zehe Plattform der Europ\u00e4ischen Kommission zur Online-Streitbeilegung (OS) f\u00fcr Verbraucher: https:\/\/ec.europa.eu\/consumers\/odr\/. Wir sind nicht bereit und nicht verpflichtet an einem Streitbeilegungsverfahren vor einer Verbraucherschlichtungsstelle teilzunehmen. &nbsp; Datenschutz &amp; Pers\u00f6nliche Daten &nbsp; Datenschutzvereinbarungen&hellip;<\/p>\n","protected":false},"author":1,"featured_media":0,"parent":0,"menu_order":0,"comment_status":"closed","ping_status":"closed","template":"","meta":{"footnotes":""},"jetpack_sharing_enabled":true,"_links":{"self":[{"href":"https:\/\/demoshop.codec-software.de\/index.php?rest_route=\/wp\/v2\/pages\/4174"}],"collection":[{"href":"https:\/\/demoshop.codec-software.de\/index.php?rest_route=\/wp\/v2\/pages"}],"about":[{"href":"https:\/\/demoshop.codec-software.de\/index.php?rest_route=\/wp\/v2\/types\/page"}],"author":[{"embeddable":true,"href":"https:\/\/demoshop.codec-software.de\/index.php?rest_route=\/wp\/v2\/users\/1"}],"replies":[{"embeddable":true,"href":"https:\/\/demoshop.codec-software.de\/index.php?rest_route=%2Fwp%2Fv2%2Fcomments&post=4174"}],"version-history":[{"count":3,"href":"https:\/\/demoshop.codec-software.de\/index.php?rest_route=\/wp\/v2\/pages\/4174\/revisions"}],"predecessor-version":[{"id":4301,"href":"https:\/\/demoshop.codec-software.de\/index.php?rest_route=\/wp\/v2\/pages\/4174\/revisions\/4301"}],"wp:attachment":[{"href":"https:\/\/demoshop.codec-software.de\/index.php?rest_route=%2Fwp%2Fv2%2Fmedia&parent=4174"}],"curies":[{"name":"wp","href":"https:\/\/api.w.org\/{rel}","templated":true}]}}