{"id":15,"date":"2013-06-07T10:35:51","date_gmt":"2013-06-07T10:35:51","guid":{"rendered":"http:\/\/demo.woothemes.com\/woocommerce\/?post_type=product&#038;p=15"},"modified":"2020-04-09T13:08:45","modified_gmt":"2020-04-09T11:08:45","slug":"terung-bulat-round-eggplant","status":"publish","type":"product","link":"https:\/\/demoshop.codec-software.de\/?product=terung-bulat-round-eggplant","title":{"rendered":"Frische Aubergine 1kg"},"content":{"rendered":"","protected":false},"excerpt":{"rendered":"<p>Die Aubergine wird auch Eierfrucht oder Eierpflanze genannt. Sie geh\u00f6rt zu der Familie der Nachtschattengew\u00e4chse und wird ged\u00fcnstet, gebraten, gef\u00fcllt oder als Antipasti angeboten.<\/p>\n","protected":false},"featured_media":4263,"comment_status":"open","ping_status":"closed","template":"","meta":[],"product_cat":[58],"product_tag":[59],"jetpack_sharing_enabled":true,"_links":{"self":[{"href":"https:\/\/demoshop.codec-software.de\/index.php?rest_route=\/wp\/v2\/product\/15"}],"collection":[{"href":"https:\/\/demoshop.codec-software.de\/index.php?rest_route=\/wp\/v2\/product"}],"about":[{"href":"https:\/\/demoshop.codec-software.de\/index.php?rest_route=\/wp\/v2\/types\/product"}],"replies":[{"embeddable":true,"href":"https:\/\/demoshop.codec-software.de\/index.php?rest_route=%2Fwp%2Fv2%2Fcomments&post=15"}],"wp:featuredmedia":[{"embeddable":true,"href":"https:\/\/demoshop.codec-software.de\/index.php?rest_route=\/wp\/v2\/media\/4263"}],"wp:attachment":[{"href":"https:\/\/demoshop.codec-software.de\/index.php?rest_route=%2Fwp%2Fv2%2Fmedia&parent=15"}],"wp:term":[{"taxonomy":"product_cat","embeddable":true,"href":"https:\/\/demoshop.codec-software.de\/index.php?rest_route=%2Fwp%2Fv2%2Fproduct_cat&post=15"},{"taxonomy":"product_tag","embeddable":true,"href":"https:\/\/demoshop.codec-software.de\/index.php?rest_route=%2Fwp%2Fv2%2Fproduct_tag&post=15"}],"curies":[{"name":"wp","href":"https:\/\/api.w.org\/{rel}","templated":true}]}}