{"id":19,"date":"2013-06-07T10:41:52","date_gmt":"2013-06-07T10:41:52","guid":{"rendered":"http:\/\/demo.woothemes.com\/woocommerce\/?post_type=product&#038;p=19"},"modified":"2020-04-08T22:17:53","modified_gmt":"2020-04-08T20:17:53","slug":"fresh-ginger-root-adrak-1lb","status":"publish","type":"product","link":"https:\/\/demoshop.codec-software.de\/?product=fresh-ginger-root-adrak-1lb","title":{"rendered":"Frische Ingwerwurzeln 1kg"},"content":{"rendered":"<p>Ingwer z\u00e4hlt zu den bekannteren K\u00fcchenkr\u00e4utern und Gew\u00fcrzen. So zerreibt man beispielsweise ein gesch\u00e4ltes St\u00fcck Ingwer auf der K\u00fcchenreibe und gibt es in Suppen oder auch auf H\u00fchnchenfleisch. Da Ingwer gegen Entz\u00fcndungen und \u00dcbelkeit hilft, wurde dieser schon fr\u00fch sehr ber\u00fchmt als Heilpflanze.<\/p>\n","protected":false},"excerpt":{"rendered":"<p>Frischer Fair Trade Ingwer aus Peru. Sehr intensives Ingweraroma, welches sich gut zum Kochen verwenden l\u00e4sst. Ingwer ist ein effektives Mittel gegen ein schwaches Immunsystem. Die Wurzel hat entz\u00fcndungshemmende Eigenschaften und kann das Risiko f\u00fcr Infektionen senken.<\/p>\n","protected":false},"featured_media":4235,"comment_status":"open","ping_status":"closed","template":"","meta":[],"product_cat":[52],"product_tag":[],"jetpack_sharing_enabled":true,"_links":{"self":[{"href":"https:\/\/demoshop.codec-software.de\/index.php?rest_route=\/wp\/v2\/product\/19"}],"collection":[{"href":"https:\/\/demoshop.codec-software.de\/index.php?rest_route=\/wp\/v2\/product"}],"about":[{"href":"https:\/\/demoshop.codec-software.de\/index.php?rest_route=\/wp\/v2\/types\/product"}],"replies":[{"embeddable":true,"href":"https:\/\/demoshop.codec-software.de\/index.php?rest_route=%2Fwp%2Fv2%2Fcomments&post=19"}],"wp:featuredmedia":[{"embeddable":true,"href":"https:\/\/demoshop.codec-software.de\/index.php?rest_route=\/wp\/v2\/media\/4235"}],"wp:attachment":[{"href":"https:\/\/demoshop.codec-software.de\/index.php?rest_route=%2Fwp%2Fv2%2Fmedia&parent=19"}],"wp:term":[{"taxonomy":"product_cat","embeddable":true,"href":"https:\/\/demoshop.codec-software.de\/index.php?rest_route=%2Fwp%2Fv2%2Fproduct_cat&post=19"},{"taxonomy":"product_tag","embeddable":true,"href":"https:\/\/demoshop.codec-software.de\/index.php?rest_route=%2Fwp%2Fv2%2Fproduct_tag&post=19"}],"curies":[{"name":"wp","href":"https:\/\/api.w.org\/{rel}","templated":true}]}}