{"id":1992,"date":"2017-12-19T05:00:47","date_gmt":"2017-12-19T05:00:47","guid":{"rendered":"http:\/\/demo2.drfuri.com\/martfury15\/?post_type=product&#038;p=1992"},"modified":"2020-04-11T15:06:14","modified_gmt":"2020-04-11T13:06:14","slug":"australia-banana-16-pack-2-5-kg","status":"publish","type":"product","link":"https:\/\/demoshop.codec-software.de\/?product=australia-banana-16-pack-2-5-kg","title":{"rendered":"Australia Bananen 2.5kg"},"content":{"rendered":"","protected":false},"excerpt":{"rendered":"<p>Sehr cremige und s\u00fc\u00dfe Bananen aus dem sonnigen Australien. Bananen sind aufgrund ihres hohen Gehalts an Mineralstoffen wie Phosphor, Kalium, Magnesium, Eisen, Mangan, Kupfer und zahlreichen Vitaminen ein idealer Energiespender und sehr gesund! Perfekt f\u00fcr das Fr\u00fchst\u00fcck oder den Verzehr am Arbeitsplatz!<\/p>\n","protected":false},"featured_media":4255,"comment_status":"open","ping_status":"closed","template":"","meta":[],"product_cat":[47],"product_tag":[46,53],"jetpack_sharing_enabled":true,"_links":{"self":[{"href":"https:\/\/demoshop.codec-software.de\/index.php?rest_route=\/wp\/v2\/product\/1992"}],"collection":[{"href":"https:\/\/demoshop.codec-software.de\/index.php?rest_route=\/wp\/v2\/product"}],"about":[{"href":"https:\/\/demoshop.codec-software.de\/index.php?rest_route=\/wp\/v2\/types\/product"}],"replies":[{"embeddable":true,"href":"https:\/\/demoshop.codec-software.de\/index.php?rest_route=%2Fwp%2Fv2%2Fcomments&post=1992"}],"wp:featuredmedia":[{"embeddable":true,"href":"https:\/\/demoshop.codec-software.de\/index.php?rest_route=\/wp\/v2\/media\/4255"}],"wp:attachment":[{"href":"https:\/\/demoshop.codec-software.de\/index.php?rest_route=%2Fwp%2Fv2%2Fmedia&parent=1992"}],"wp:term":[{"taxonomy":"product_cat","embeddable":true,"href":"https:\/\/demoshop.codec-software.de\/index.php?rest_route=%2Fwp%2Fv2%2Fproduct_cat&post=1992"},{"taxonomy":"product_tag","embeddable":true,"href":"https:\/\/demoshop.codec-software.de\/index.php?rest_route=%2Fwp%2Fv2%2Fproduct_tag&post=1992"}],"curies":[{"name":"wp","href":"https:\/\/api.w.org\/{rel}","templated":true}]}}