{"id":2578,"date":"2018-04-29T11:25:11","date_gmt":"2018-04-29T11:25:11","guid":{"rendered":"http:\/\/demo2.drfuri.com\/martfury15\/?post_type=product&#038;p=2578"},"modified":"2020-04-10T14:47:28","modified_gmt":"2020-04-10T12:47:28","slug":"pineapple-tropical-gold","status":"publish","type":"product","link":"https:\/\/demoshop.codec-software.de\/?product=pineapple-tropical-gold","title":{"rendered":"Ananas Gro\u00df (1 Stk.)"},"content":{"rendered":"","protected":false},"excerpt":{"rendered":"<p>Die Ananas l\u00e4sst sich herrlich pur genie\u00dfen. Sie k\u00f6nnen diese f\u00fcr ein Dessert verwenden genauso wie zur Hauptmahlzeit. Zum Beispiel in einem Obstsalat, einem frischen Smoothie oder auf Pizza Hawaii. Vor dem Verzehr muss man die harte Schale mit einem starken Messer entfernen.<\/p>\n","protected":false},"featured_media":4254,"comment_status":"open","ping_status":"closed","template":"","meta":[],"product_cat":[47],"product_tag":[],"jetpack_sharing_enabled":true,"_links":{"self":[{"href":"https:\/\/demoshop.codec-software.de\/index.php?rest_route=\/wp\/v2\/product\/2578"}],"collection":[{"href":"https:\/\/demoshop.codec-software.de\/index.php?rest_route=\/wp\/v2\/product"}],"about":[{"href":"https:\/\/demoshop.codec-software.de\/index.php?rest_route=\/wp\/v2\/types\/product"}],"replies":[{"embeddable":true,"href":"https:\/\/demoshop.codec-software.de\/index.php?rest_route=%2Fwp%2Fv2%2Fcomments&post=2578"}],"wp:featuredmedia":[{"embeddable":true,"href":"https:\/\/demoshop.codec-software.de\/index.php?rest_route=\/wp\/v2\/media\/4254"}],"wp:attachment":[{"href":"https:\/\/demoshop.codec-software.de\/index.php?rest_route=%2Fwp%2Fv2%2Fmedia&parent=2578"}],"wp:term":[{"taxonomy":"product_cat","embeddable":true,"href":"https:\/\/demoshop.codec-software.de\/index.php?rest_route=%2Fwp%2Fv2%2Fproduct_cat&post=2578"},{"taxonomy":"product_tag","embeddable":true,"href":"https:\/\/demoshop.codec-software.de\/index.php?rest_route=%2Fwp%2Fv2%2Fproduct_tag&post=2578"}],"curies":[{"name":"wp","href":"https:\/\/api.w.org\/{rel}","templated":true}]}}