{"id":2583,"date":"2018-04-29T11:26:35","date_gmt":"2018-04-29T11:26:35","guid":{"rendered":"http:\/\/demo2.drfuri.com\/martfury15\/?post_type=product&#038;p=2583"},"modified":"2020-04-11T13:58:18","modified_gmt":"2020-04-11T11:58:18","slug":"organic-oranges-valencia-1kg","status":"publish","type":"product","link":"https:\/\/demoshop.codec-software.de\/?product=organic-oranges-valencia-1kg","title":{"rendered":"Bio Orangen Severa 1kg"},"content":{"rendered":"<p><img decoding=\"async\" src=\"https:\/\/demoshop.codec-software.de\/wp-content\/uploads\/2018\/04\/71ZE7-cbL._SL1242_.jpg\" \/><\/p>\n<p><img decoding=\"async\" src=\"https:\/\/demoshop.codec-software.de\/wp-content\/uploads\/2018\/04\/71kKJPbZtGL._SL1500_.jpg\" \/><\/p>\n","protected":false},"excerpt":{"rendered":"<p>Der wundervolle Duft frischer Bio Orangen ist nicht nur im Winter pr\u00e4sent. Egal ob man sie als Saft oder einfach nur als Frucht genie\u00dft, Orangen schmecken gro\u00dfartig! Die orange leuchtenden Fr\u00fcchte kann man zwischendurch als Snack essen, aber sie werten auch jede s\u00fc\u00dfe Speise auf. Da diese Orangen Bio sind, tun Sie durch den Kauf auch der Umwelt etwas gutes!<\/p>\n","protected":false},"featured_media":4253,"comment_status":"open","ping_status":"closed","template":"","meta":[],"product_cat":[47],"product_tag":[],"jetpack_sharing_enabled":true,"_links":{"self":[{"href":"https:\/\/demoshop.codec-software.de\/index.php?rest_route=\/wp\/v2\/product\/2583"}],"collection":[{"href":"https:\/\/demoshop.codec-software.de\/index.php?rest_route=\/wp\/v2\/product"}],"about":[{"href":"https:\/\/demoshop.codec-software.de\/index.php?rest_route=\/wp\/v2\/types\/product"}],"replies":[{"embeddable":true,"href":"https:\/\/demoshop.codec-software.de\/index.php?rest_route=%2Fwp%2Fv2%2Fcomments&post=2583"}],"wp:featuredmedia":[{"embeddable":true,"href":"https:\/\/demoshop.codec-software.de\/index.php?rest_route=\/wp\/v2\/media\/4253"}],"wp:attachment":[{"href":"https:\/\/demoshop.codec-software.de\/index.php?rest_route=%2Fwp%2Fv2%2Fmedia&parent=2583"}],"wp:term":[{"taxonomy":"product_cat","embeddable":true,"href":"https:\/\/demoshop.codec-software.de\/index.php?rest_route=%2Fwp%2Fv2%2Fproduct_cat&post=2583"},{"taxonomy":"product_tag","embeddable":true,"href":"https:\/\/demoshop.codec-software.de\/index.php?rest_route=%2Fwp%2Fv2%2Fproduct_tag&post=2583"}],"curies":[{"name":"wp","href":"https:\/\/api.w.org\/{rel}","templated":true}]}}