{"id":2585,"date":"2018-04-29T11:29:12","date_gmt":"2018-04-29T11:29:12","guid":{"rendered":"http:\/\/demo2.drfuri.com\/martfury15\/?post_type=product&#038;p=2585"},"modified":"2020-04-11T14:42:29","modified_gmt":"2020-04-11T12:42:29","slug":"avocadoes-hass-new-season","status":"publish","type":"product","link":"https:\/\/demoshop.codec-software.de\/?product=avocadoes-hass-new-season","title":{"rendered":"Avocados \u2013 Hass (4 Stk.)"},"content":{"rendered":"<p>4 frische Hass Avocados. Avocados sind eine tropische Frucht, die gro\u00dfe gr\u00fcne Fr\u00fcchte liefert. Es gibt leckere Rezepte wie Guacamole, Sushi und Avocado Salate.<br \/>\n<img fetchpriority=\"high\" decoding=\"async\" class=\"alignleft\" style=\"float: right; width: 518px; display: block;\" src=\"https:\/\/demoshop.codec-software.de\/wp-content\/uploads\/2018\/04\/61IWQL8NUBL._AC_SL1170_.jpg\" width=\"947\" height=\"281\" \/><\/p>\n","protected":false},"excerpt":{"rendered":"<p>Frisch aus Peru: Leckere Hass Avocados! Diese Avocados sind sehr cremig und butterzart! Das zeichnet die Hass Avocado gegen\u00fcber anderen Avocadosorten aus. Avocados sind sehr gut f\u00fcr die Gesundheit, denn Sie enthalten eine Menge wertvoller unges\u00e4ttigter Fetts\u00e4uren!<\/p>\n","protected":false},"featured_media":4203,"comment_status":"open","ping_status":"closed","template":"","meta":[],"product_cat":[47],"product_tag":[],"jetpack_sharing_enabled":true,"_links":{"self":[{"href":"https:\/\/demoshop.codec-software.de\/index.php?rest_route=\/wp\/v2\/product\/2585"}],"collection":[{"href":"https:\/\/demoshop.codec-software.de\/index.php?rest_route=\/wp\/v2\/product"}],"about":[{"href":"https:\/\/demoshop.codec-software.de\/index.php?rest_route=\/wp\/v2\/types\/product"}],"replies":[{"embeddable":true,"href":"https:\/\/demoshop.codec-software.de\/index.php?rest_route=%2Fwp%2Fv2%2Fcomments&post=2585"}],"wp:featuredmedia":[{"embeddable":true,"href":"https:\/\/demoshop.codec-software.de\/index.php?rest_route=\/wp\/v2\/media\/4203"}],"wp:attachment":[{"href":"https:\/\/demoshop.codec-software.de\/index.php?rest_route=%2Fwp%2Fv2%2Fmedia&parent=2585"}],"wp:term":[{"taxonomy":"product_cat","embeddable":true,"href":"https:\/\/demoshop.codec-software.de\/index.php?rest_route=%2Fwp%2Fv2%2Fproduct_cat&post=2585"},{"taxonomy":"product_tag","embeddable":true,"href":"https:\/\/demoshop.codec-software.de\/index.php?rest_route=%2Fwp%2Fv2%2Fproduct_tag&post=2585"}],"curies":[{"name":"wp","href":"https:\/\/api.w.org\/{rel}","templated":true}]}}