{"id":4325,"date":"2020-04-11T14:28:46","date_gmt":"2020-04-11T12:28:46","guid":{"rendered":"https:\/\/demoshop.codec-software.de\/?post_type=product&#038;p=4325"},"modified":"2020-04-11T16:09:13","modified_gmt":"2020-04-11T14:09:13","slug":"bio-rispentomaten-500g","status":"publish","type":"product","link":"https:\/\/demoshop.codec-software.de\/?product=bio-rispentomaten-500g","title":{"rendered":"Bio Rispentomaten 500g"},"content":{"rendered":"","protected":false},"excerpt":{"rendered":"<p>Die Tomate ist zu Recht das beliebteste Gem\u00fcse der Deutschen &#8211; Vitamin C-haltig und vielseitig einsetzbar. Tomaten sind mit wenigen Kalorien und hohem Wassergehalt ein Gem\u00fcse f\u00fcr figurbewusste Genie\u00dfer.<\/p>\n","protected":false},"featured_media":4326,"comment_status":"open","ping_status":"closed","template":"","meta":[],"product_cat":[58],"product_tag":[],"jetpack_sharing_enabled":true,"_links":{"self":[{"href":"https:\/\/demoshop.codec-software.de\/index.php?rest_route=\/wp\/v2\/product\/4325"}],"collection":[{"href":"https:\/\/demoshop.codec-software.de\/index.php?rest_route=\/wp\/v2\/product"}],"about":[{"href":"https:\/\/demoshop.codec-software.de\/index.php?rest_route=\/wp\/v2\/types\/product"}],"replies":[{"embeddable":true,"href":"https:\/\/demoshop.codec-software.de\/index.php?rest_route=%2Fwp%2Fv2%2Fcomments&post=4325"}],"wp:featuredmedia":[{"embeddable":true,"href":"https:\/\/demoshop.codec-software.de\/index.php?rest_route=\/wp\/v2\/media\/4326"}],"wp:attachment":[{"href":"https:\/\/demoshop.codec-software.de\/index.php?rest_route=%2Fwp%2Fv2%2Fmedia&parent=4325"}],"wp:term":[{"taxonomy":"product_cat","embeddable":true,"href":"https:\/\/demoshop.codec-software.de\/index.php?rest_route=%2Fwp%2Fv2%2Fproduct_cat&post=4325"},{"taxonomy":"product_tag","embeddable":true,"href":"https:\/\/demoshop.codec-software.de\/index.php?rest_route=%2Fwp%2Fv2%2Fproduct_tag&post=4325"}],"curies":[{"name":"wp","href":"https:\/\/api.w.org\/{rel}","templated":true}]}}