{"id":4335,"date":"2020-04-11T15:12:29","date_gmt":"2020-04-11T13:12:29","guid":{"rendered":"https:\/\/demoshop.codec-software.de\/?post_type=product&#038;p=4335"},"modified":"2020-04-11T16:07:26","modified_gmt":"2020-04-11T14:07:26","slug":"bio-salatgurke-1-stk","status":"publish","type":"product","link":"https:\/\/demoshop.codec-software.de\/?product=bio-salatgurke-1-stk","title":{"rendered":"Bio Salatgurke (1 stk.)"},"content":{"rendered":"","protected":false},"excerpt":{"rendered":"<p>Gurkenanbau in Bio-Qualit\u00e4t kommt ohne synthetisch-chemische D\u00fcnge- und Pflanzenschutzmittel aus. Gurken sind mit ihrem hohen Wassergehalt kalorienarm und k\u00f6nnen eine figurbewusste Ern\u00e4hrung unterst\u00fctzen. Die kalorienarme Gurke ist als Rohkost oder Salat eine leichte und gesunde Zwischenmahlzeit. Gurken eignen sich mit Frischk\u00e4se als Brotbelag, sind w\u00fcrzig im Zaziki oder herrlich frisch als Gurkensalat.<\/p>\n","protected":false},"featured_media":4336,"comment_status":"open","ping_status":"closed","template":"","meta":[],"product_cat":[58],"product_tag":[],"jetpack_sharing_enabled":true,"_links":{"self":[{"href":"https:\/\/demoshop.codec-software.de\/index.php?rest_route=\/wp\/v2\/product\/4335"}],"collection":[{"href":"https:\/\/demoshop.codec-software.de\/index.php?rest_route=\/wp\/v2\/product"}],"about":[{"href":"https:\/\/demoshop.codec-software.de\/index.php?rest_route=\/wp\/v2\/types\/product"}],"replies":[{"embeddable":true,"href":"https:\/\/demoshop.codec-software.de\/index.php?rest_route=%2Fwp%2Fv2%2Fcomments&post=4335"}],"wp:featuredmedia":[{"embeddable":true,"href":"https:\/\/demoshop.codec-software.de\/index.php?rest_route=\/wp\/v2\/media\/4336"}],"wp:attachment":[{"href":"https:\/\/demoshop.codec-software.de\/index.php?rest_route=%2Fwp%2Fv2%2Fmedia&parent=4335"}],"wp:term":[{"taxonomy":"product_cat","embeddable":true,"href":"https:\/\/demoshop.codec-software.de\/index.php?rest_route=%2Fwp%2Fv2%2Fproduct_cat&post=4335"},{"taxonomy":"product_tag","embeddable":true,"href":"https:\/\/demoshop.codec-software.de\/index.php?rest_route=%2Fwp%2Fv2%2Fproduct_tag&post=4335"}],"curies":[{"name":"wp","href":"https:\/\/api.w.org\/{rel}","templated":true}]}}