{"id":83,"date":"2013-06-07T11:33:05","date_gmt":"2013-06-07T11:33:05","guid":{"rendered":"http:\/\/demo.woothemes.com\/woocommerce\/?post_type=product&#038;p=83"},"modified":"2020-04-11T14:17:44","modified_gmt":"2020-04-11T12:17:44","slug":"beans-nz-round-300g","status":"publish","type":"product","link":"https:\/\/demoshop.codec-software.de\/?product=beans-nz-round-300g","title":{"rendered":"Bio Kidneybohnen 300g"},"content":{"rendered":"<ul class=\"a-unordered-list a-vertical a-spacing-none\">\n<li><span class=\"a-list-item\">BIO KIDNEYBOHNEN: hochwertiges Naturprodukt | ohne Zusatzstoffe | reiner Genuss | Premium Qualit\u00e4t<\/span><\/li>\n<li><span class=\"a-list-item\">BIO ZERTIFIZIERT: das Produkt ist nach EU-Richtlinie biozertifiziert nach DE-\u00d6KO-003 und kam nicht in Ber\u00fchrung mit Insektenbek\u00e4mpfungsmitteln wie Glyphosat<\/span><\/li>\n<li><span class=\"a-list-item\">BIO VERPACKUNG: das Produkt wird in einer plastikfreien und kompostierbaren Spezialverpackung geliefert. Unsere Verpackungen sind zertifiziert biologisch abbaubar und k\u00f6nnen problemlos in der Biotonne entsorgt werden.<\/span><\/li>\n<li><span class=\"a-list-item\">HERKUNFT: aus kontrolliert-biologischem Anbau in Texas.<\/span><\/li>\n<\/ul>\n","protected":false},"excerpt":{"rendered":"<p>Kidneybohnen haben sehr viele Ballaststoffe und viel Eiwei\u00df, darum eignen sie sich gut f\u00fcr alle Mahlzeiten. Unsere Bohnen sind Bio, so tun Sie der Natur etwas gutes und haben ein gutes Gewissen.<\/p>\n","protected":false},"featured_media":4224,"comment_status":"open","ping_status":"closed","template":"","meta":[],"product_cat":[52],"product_tag":[42,44],"jetpack_sharing_enabled":true,"_links":{"self":[{"href":"https:\/\/demoshop.codec-software.de\/index.php?rest_route=\/wp\/v2\/product\/83"}],"collection":[{"href":"https:\/\/demoshop.codec-software.de\/index.php?rest_route=\/wp\/v2\/product"}],"about":[{"href":"https:\/\/demoshop.codec-software.de\/index.php?rest_route=\/wp\/v2\/types\/product"}],"replies":[{"embeddable":true,"href":"https:\/\/demoshop.codec-software.de\/index.php?rest_route=%2Fwp%2Fv2%2Fcomments&post=83"}],"wp:featuredmedia":[{"embeddable":true,"href":"https:\/\/demoshop.codec-software.de\/index.php?rest_route=\/wp\/v2\/media\/4224"}],"wp:attachment":[{"href":"https:\/\/demoshop.codec-software.de\/index.php?rest_route=%2Fwp%2Fv2%2Fmedia&parent=83"}],"wp:term":[{"taxonomy":"product_cat","embeddable":true,"href":"https:\/\/demoshop.codec-software.de\/index.php?rest_route=%2Fwp%2Fv2%2Fproduct_cat&post=83"},{"taxonomy":"product_tag","embeddable":true,"href":"https:\/\/demoshop.codec-software.de\/index.php?rest_route=%2Fwp%2Fv2%2Fproduct_tag&post=83"}],"curies":[{"name":"wp","href":"https:\/\/api.w.org\/{rel}","templated":true}]}}