{"id":93,"date":"2013-06-07T11:36:34","date_gmt":"2013-06-07T11:36:34","guid":{"rendered":"http:\/\/demo.woothemes.com\/woocommerce\/?post_type=product&#038;p=93"},"modified":"2020-04-11T14:10:04","modified_gmt":"2020-04-11T12:10:04","slug":"ocean-spray-100-juice-10-ounce-bottle","status":"publish","type":"product","link":"https:\/\/demoshop.codec-software.de\/?product=ocean-spray-100-juice-10-ounce-bottle","title":{"rendered":"Granny Smith \u00c4pfel 1kg"},"content":{"rendered":"","protected":false},"excerpt":{"rendered":"<p>Die Granny Smith \u00c4pfel sind sehr gesund, da sie viele Vitamine enthalten, au\u00dferdem sind diese im vergleich zu anderen \u00c4pfeln nicht so s\u00fc\u00df. \u00c4pfel lassen sich vielseitig in der K\u00fcche verwenden, egal ob im im Kuchen oder einfach geschnitten zum Fr\u00fchst\u00fcck.<\/p>\n","protected":false},"featured_media":4274,"comment_status":"open","ping_status":"closed","template":"","meta":[],"product_cat":[47],"product_tag":[],"jetpack_sharing_enabled":true,"_links":{"self":[{"href":"https:\/\/demoshop.codec-software.de\/index.php?rest_route=\/wp\/v2\/product\/93"}],"collection":[{"href":"https:\/\/demoshop.codec-software.de\/index.php?rest_route=\/wp\/v2\/product"}],"about":[{"href":"https:\/\/demoshop.codec-software.de\/index.php?rest_route=\/wp\/v2\/types\/product"}],"replies":[{"embeddable":true,"href":"https:\/\/demoshop.codec-software.de\/index.php?rest_route=%2Fwp%2Fv2%2Fcomments&post=93"}],"wp:featuredmedia":[{"embeddable":true,"href":"https:\/\/demoshop.codec-software.de\/index.php?rest_route=\/wp\/v2\/media\/4274"}],"wp:attachment":[{"href":"https:\/\/demoshop.codec-software.de\/index.php?rest_route=%2Fwp%2Fv2%2Fmedia&parent=93"}],"wp:term":[{"taxonomy":"product_cat","embeddable":true,"href":"https:\/\/demoshop.codec-software.de\/index.php?rest_route=%2Fwp%2Fv2%2Fproduct_cat&post=93"},{"taxonomy":"product_tag","embeddable":true,"href":"https:\/\/demoshop.codec-software.de\/index.php?rest_route=%2Fwp%2Fv2%2Fproduct_tag&post=93"}],"curies":[{"name":"wp","href":"https:\/\/api.w.org\/{rel}","templated":true}]}}